{"id":19989,"date":"2024-11-27T13:44:52","date_gmt":"2024-11-27T12:44:52","guid":{"rendered":"https:\/\/food-impacts.com\/legal-notice\/"},"modified":"2025-11-25T08:51:34","modified_gmt":"2025-11-25T07:51:34","slug":"legal-notice","status":"publish","type":"page","link":"https:\/\/food-impacts.com\/py\/legal-notice\/","title":{"rendered":"Legal notice"},"content":{"rendered":"<div class=\"block-wrapper block-wrapper--heading\"><div class=\"container container--narrow\">\n<h1 class=\"wp-block-heading\">Legal Notice<\/h1>\n<\/div><\/div>\n\n<div class=\"block-wrapper block-wrapper--heading\"><div class=\"container container--narrow\">\n<h2 class=\"wp-block-heading\">Herausgeber<\/h2>\n<\/div><\/div>\n\n<div class=\"block-wrapper block-wrapper--paragraph\"><div class=\"container container--narrow\">\n<p>WWF Deutschland<br>Reinhardtstr. 18<br>10117 Berlin<\/p>\n<\/div><\/div>\n\n<div class=\"block-wrapper block-wrapper--paragraph\"><div class=\"container container--narrow\">\n<p>030 311777 0<br>030 311777 199<br>info[at]wwf.de<\/p>\n<\/div><\/div>\n\n<div class=\"block-wrapper block-wrapper--heading\"><div class=\"container container--narrow\">\n<h2 class=\"wp-block-heading\">Vorstand<\/h2>\n<\/div><\/div>\n\n<div class=\"block-wrapper block-wrapper--paragraph\"><div class=\"container container--narrow\">\n<p>Selvi Naidu, Meike Rothsch\u00e4dl, Kathrin Samson, Heike Vesper<\/p>\n<\/div><\/div>\n\n<div class=\"block-wrapper block-wrapper--heading\"><div class=\"container container--narrow\">\n<h2 class=\"wp-block-heading\">Zentrale Aufsichtsbeh\u00f6rde<\/h2>\n<\/div><\/div>\n\n<div class=\"block-wrapper block-wrapper--paragraph\"><div class=\"container container--narrow\">\n<p>Senatsverwaltung f\u00fcr Justiz Berlin, Az: 3416\/976\/2<\/p>\n<\/div><\/div>\n\n<div class=\"block-wrapper block-wrapper--heading\"><div class=\"container container--narrow\">\n<h2 class=\"wp-block-heading\">Umsatzsteuer-Identifikationsnummer gem\u00e4\u00df \u00a7 27 a Umsatzsteuergesetz:<\/h2>\n<\/div><\/div>\n\n<div class=\"block-wrapper block-wrapper--paragraph\"><div class=\"container container--narrow\">\n<p>DE 114236103<\/p>\n<\/div><\/div>\n\n<div class=\"block-wrapper block-wrapper--heading\"><div class=\"container container--narrow\">\n<h2 class=\"wp-block-heading\">Steuernummer<\/h2>\n<\/div><\/div>\n\n<div class=\"block-wrapper block-wrapper--paragraph\"><div class=\"container container--narrow\">\n<p>27\/641\/09321<\/p>\n<\/div><\/div>\n\n<div class=\"block-wrapper block-wrapper--heading\"><div class=\"container container--narrow\">\n<h2 class=\"wp-block-heading\">Anschrift<\/h2>\n<\/div><\/div>\n\n<div class=\"block-wrapper block-wrapper--paragraph\"><div class=\"container container--narrow\">\n<p>WWF Deutschland<br>Reinhardtstr. 18<br>10117 Berlin<\/p>\n<\/div><\/div>\n\n<div class=\"block-wrapper block-wrapper--heading\"><div class=\"container container--narrow\">\n<h2 class=\"wp-block-heading\">Website Design &amp; Entwicklung<\/h2>\n<\/div><\/div>\n\n<div class=\"block-wrapper block-wrapper--paragraph\"><div class=\"container container--narrow\">\n<p>Die&nbsp;<a href=\"https:\/\/lau.do\/\">Designagentur<\/a>&nbsp;LAUDO ist eine der bestbewerteten&nbsp;<a href=\"https:\/\/lau.do\/wordpress-agentur-berlin\/\">WordPress Agenturen<\/a>&nbsp;in Berlin. Neben der Entwicklung von Websites \u00fcberzeugt LAUDO mit einzigartigen&nbsp;<a href=\"https:\/\/lau.do\/corporate-design-agentur\/\">Corporate Designs<\/a>&nbsp;und hat bereits mehrere Designawards gewonnen.<\/p>\n<\/div><\/div>\n\n<div class=\"block-wrapper block-wrapper--paragraph\"><div class=\"container container--narrow\">\n<p>LAUDO Designagentur GmbH<br><a href=\"tel:+493023270475\">+49(0)30 232 704 75<br><\/a><a href=\"https:\/\/lau.do\/\">www.lau.do<\/a><\/p>\n<\/div><\/div>\n\n<div class=\"block-wrapper block-wrapper--heading\"><div class=\"container container--narrow\">\n<h2 class=\"wp-block-heading\">Haftung f\u00fcr Links<\/h2>\n<\/div><\/div>\n\n<div class=\"block-wrapper block-wrapper--paragraph\"><div class=\"container container--narrow\">\n<p>Der WWF Deutschland erkl\u00e4rt hiermit ausdr\u00fccklich, dass zum Zeitpunkt der Linksetzung keine illegalen Inhalte auf den zu verlinkenden Seiten erkennbar waren. Auf die aktuelle und zuk\u00fcnftige Gestaltung, die Inhalte oder die Urheberschaft der verlinkten\/verkn\u00fcpften Seiten hat der WWF Deutschland keinerlei Einfluss.<\/p>\n<\/div><\/div>\n\n<div class=\"block-wrapper block-wrapper--paragraph\"><div class=\"container container--narrow\">\n<p>Deshalb distanziert er sich hiermit ausdr\u00fccklich von allen Inhalten aller verlinkten\/ verkn\u00fcpften Seiten, die nach der Linksetzung ver\u00e4ndert wurden. Diese Feststellung gilt f\u00fcr alle innerhalb des eigenen Internetangebotes gesetzten Links und Verweise.<\/p>\n<\/div><\/div>\n\n<div class=\"block-wrapper block-wrapper--paragraph\"><div class=\"container container--narrow\">\n<p>F\u00fcr illegale, fehlerhafte oder unvollst\u00e4ndige Inhalte und insbesondere f\u00fcr Sch\u00e4den, die aus der Nutzung oder Nichtnutzung solcherart dargebotener Informationen entstehen, haftet allein der Anbieter der Seite, auf welche verwiesen wurde, nicht derjenige, der \u00fcber Links auf die jeweilige Ver\u00f6ffentlichung lediglich verweist.<\/p>\n<\/div><\/div>","protected":false},"excerpt":{"rendered":"<p>Legal Notice Herausgeber WWF DeutschlandReinhardtstr. 1810117 Berlin 030 311777 0030 311777 199info[at]wwf.de Vorstand Selvi Naidu, Meike Rothsch\u00e4dl, Kathrin Samson, Heike Vesper Zentrale Aufsichtsbeh\u00f6rde Senatsverwaltung f\u00fcr\u2026<\/p>\n","protected":false},"author":1,"featured_media":0,"parent":0,"menu_order":0,"comment_status":"closed","ping_status":"closed","template":"","meta":{"_acf_changed":false,"footnotes":""},"class_list":["post-19989","page","type-page","status-publish","hentry"],"acf":[],"yoast_head":"<!-- This site is optimized with the Yoast SEO plugin v27.4 - https:\/\/yoast.com\/product\/yoast-seo-wordpress\/ -->\n<title>Legal notice - Food Impacts<\/title>\n<meta name=\"robots\" content=\"index, follow, max-snippet:-1, max-image-preview:large, max-video-preview:-1\" \/>\n<link rel=\"canonical\" href=\"https:\/\/food-impacts.com\/py\/legal-notice\/\" \/>\n<meta property=\"og:locale\" content=\"en_US\" \/>\n<meta property=\"og:type\" content=\"article\" \/>\n<meta property=\"og:title\" content=\"Legal notice - Food Impacts\" \/>\n<meta property=\"og:description\" content=\"Legal Notice Herausgeber WWF DeutschlandReinhardtstr. 1810117 Berlin 030 311777 0030 311777 199info[at]wwf.de Vorstand Selvi Naidu, Meike Rothsch\u00e4dl, Kathrin Samson, Heike Vesper Zentrale Aufsichtsbeh\u00f6rde Senatsverwaltung f\u00fcr\u2026\" \/>\n<meta property=\"og:url\" content=\"https:\/\/food-impacts.com\/py\/legal-notice\/\" \/>\n<meta property=\"og:site_name\" content=\"Food Impacts\" \/>\n<meta property=\"article:modified_time\" content=\"2025-11-25T07:51:34+00:00\" \/>\n<meta name=\"twitter:card\" content=\"summary_large_image\" \/>\n<meta name=\"twitter:label1\" content=\"Est. reading time\" \/>\n\t<meta name=\"twitter:data1\" content=\"1 minute\" \/>\n<script type=\"application\/ld+json\" class=\"yoast-schema-graph\">{\"@context\":\"https:\\\/\\\/schema.org\",\"@graph\":[{\"@type\":\"WebPage\",\"@id\":\"https:\\\/\\\/food-impacts.com\\\/py\\\/legal-notice\\\/\",\"url\":\"https:\\\/\\\/food-impacts.com\\\/py\\\/legal-notice\\\/\",\"name\":\"Legal notice - Food Impacts\",\"isPartOf\":{\"@id\":\"https:\\\/\\\/food-impacts.com\\\/py\\\/#website\"},\"datePublished\":\"2024-11-27T12:44:52+00:00\",\"dateModified\":\"2025-11-25T07:51:34+00:00\",\"breadcrumb\":{\"@id\":\"https:\\\/\\\/food-impacts.com\\\/py\\\/legal-notice\\\/#breadcrumb\"},\"inLanguage\":\"py\",\"potentialAction\":[{\"@type\":\"ReadAction\",\"target\":[\"https:\\\/\\\/food-impacts.com\\\/py\\\/legal-notice\\\/\"]}]},{\"@type\":\"BreadcrumbList\",\"@id\":\"https:\\\/\\\/food-impacts.com\\\/py\\\/legal-notice\\\/#breadcrumb\",\"itemListElement\":[{\"@type\":\"ListItem\",\"position\":1,\"name\":\"Home\",\"item\":\"https:\\\/\\\/food-impacts.com\\\/py\\\/\"},{\"@type\":\"ListItem\",\"position\":2,\"name\":\"Legal notice\"}]},{\"@type\":\"WebSite\",\"@id\":\"https:\\\/\\\/food-impacts.com\\\/py\\\/#website\",\"url\":\"https:\\\/\\\/food-impacts.com\\\/py\\\/\",\"name\":\"Food Impacts\",\"description\":\"\",\"potentialAction\":[{\"@type\":\"SearchAction\",\"target\":{\"@type\":\"EntryPoint\",\"urlTemplate\":\"https:\\\/\\\/food-impacts.com\\\/py\\\/?s={search_term_string}\"},\"query-input\":{\"@type\":\"PropertyValueSpecification\",\"valueRequired\":true,\"valueName\":\"search_term_string\"}}],\"inLanguage\":\"py\"}]}<\/script>\n<!-- \/ Yoast SEO plugin. -->","yoast_head_json":{"title":"Legal notice - Food Impacts","robots":{"index":"index","follow":"follow","max-snippet":"max-snippet:-1","max-image-preview":"max-image-preview:large","max-video-preview":"max-video-preview:-1"},"canonical":"https:\/\/food-impacts.com\/py\/legal-notice\/","og_locale":"en_US","og_type":"article","og_title":"Legal notice - Food Impacts","og_description":"Legal Notice Herausgeber WWF DeutschlandReinhardtstr. 1810117 Berlin 030 311777 0030 311777 199info[at]wwf.de Vorstand Selvi Naidu, Meike Rothsch\u00e4dl, Kathrin Samson, Heike Vesper Zentrale Aufsichtsbeh\u00f6rde Senatsverwaltung f\u00fcr\u2026","og_url":"https:\/\/food-impacts.com\/py\/legal-notice\/","og_site_name":"Food Impacts","article_modified_time":"2025-11-25T07:51:34+00:00","twitter_card":"summary_large_image","twitter_misc":{"Est. reading time":"1 minute"},"schema":{"@context":"https:\/\/schema.org","@graph":[{"@type":"WebPage","@id":"https:\/\/food-impacts.com\/py\/legal-notice\/","url":"https:\/\/food-impacts.com\/py\/legal-notice\/","name":"Legal notice - Food Impacts","isPartOf":{"@id":"https:\/\/food-impacts.com\/py\/#website"},"datePublished":"2024-11-27T12:44:52+00:00","dateModified":"2025-11-25T07:51:34+00:00","breadcrumb":{"@id":"https:\/\/food-impacts.com\/py\/legal-notice\/#breadcrumb"},"inLanguage":"py","potentialAction":[{"@type":"ReadAction","target":["https:\/\/food-impacts.com\/py\/legal-notice\/"]}]},{"@type":"BreadcrumbList","@id":"https:\/\/food-impacts.com\/py\/legal-notice\/#breadcrumb","itemListElement":[{"@type":"ListItem","position":1,"name":"Home","item":"https:\/\/food-impacts.com\/py\/"},{"@type":"ListItem","position":2,"name":"Legal notice"}]},{"@type":"WebSite","@id":"https:\/\/food-impacts.com\/py\/#website","url":"https:\/\/food-impacts.com\/py\/","name":"Food Impacts","description":"","potentialAction":[{"@type":"SearchAction","target":{"@type":"EntryPoint","urlTemplate":"https:\/\/food-impacts.com\/py\/?s={search_term_string}"},"query-input":{"@type":"PropertyValueSpecification","valueRequired":true,"valueName":"search_term_string"}}],"inLanguage":"py"}]}},"_links":{"self":[{"href":"https:\/\/food-impacts.com\/py\/wp-json\/wp\/v2\/pages\/19989","targetHints":{"allow":["GET"]}}],"collection":[{"href":"https:\/\/food-impacts.com\/py\/wp-json\/wp\/v2\/pages"}],"about":[{"href":"https:\/\/food-impacts.com\/py\/wp-json\/wp\/v2\/types\/page"}],"author":[{"embeddable":true,"href":"https:\/\/food-impacts.com\/py\/wp-json\/wp\/v2\/users\/1"}],"replies":[{"embeddable":true,"href":"https:\/\/food-impacts.com\/py\/wp-json\/wp\/v2\/comments?post=19989"}],"version-history":[{"count":2,"href":"https:\/\/food-impacts.com\/py\/wp-json\/wp\/v2\/pages\/19989\/revisions"}],"predecessor-version":[{"id":20587,"href":"https:\/\/food-impacts.com\/py\/wp-json\/wp\/v2\/pages\/19989\/revisions\/20587"}],"wp:attachment":[{"href":"https:\/\/food-impacts.com\/py\/wp-json\/wp\/v2\/media?parent=19989"}],"curies":[{"name":"wp","href":"https:\/\/api.w.org\/{rel}","templated":true}]}}