{"id":19946,"date":"2025-02-11T12:06:14","date_gmt":"2025-02-11T11:06:14","guid":{"rendered":"https:\/\/food-impacts.com\/facts\/"},"modified":"2025-04-30T13:27:09","modified_gmt":"2025-04-30T11:27:09","slug":"facts","status":"publish","type":"page","link":"https:\/\/food-impacts.com\/py\/facts\/","title":{"rendered":"Descripci\u00f3n del proyecto"},"content":{"rendered":"\n  <section  class=\"section testimonial-card  \" data-testimonial-id=\"testimonial_69e8ed832de0b\">\n    <div class=\"container\">\n      \n      \n      <div class=\"testimonial-card__wrapper\">\n\n        <div class=\"testimonial-card__slider\" id=\"slider-testimonial_69e8ed832de0b\">\n\n          \n          <div class=\"swiper-wrapper testimonial-card__slider-wrapper\">\n            <!-- CPT -->\n            \n            <!-- Data Entry -->\n                            <div class=\"swiper-slide testimonial-card__item\">\n                                      <div class=\"testimonial-card__item__image\">\n                      <img loading=\"lazy\" decoding=\"async\" sizes=\"auto, \" src=\"https:\/\/food-impacts.com\/wp-content\/uploads\/2025\/02\/hand-scaled-1-683x1024.webp\" srcset=\"https:\/\/food-impacts.com\/wp-content\/uploads\/2025\/02\/hand-scaled-1-e1739276555719.webp 1920w, https:\/\/food-impacts.com\/wp-content\/uploads\/2025\/02\/hand-scaled-1-1600x2400.webp 1600w, https:\/\/food-impacts.com\/wp-content\/uploads\/2025\/02\/hand-scaled-1-1366x2049.webp 1366w, https:\/\/food-impacts.com\/wp-content\/uploads\/2025\/02\/hand-scaled-1-1024x1536.webp 1024w, https:\/\/food-impacts.com\/wp-content\/uploads\/2025\/02\/hand-scaled-1-768x1152.webp 768w, https:\/\/food-impacts.com\/wp-content\/uploads\/2025\/02\/hand-scaled-1-550x825.webp 550w\" class=\"\" alt=\"\"  width=\"683\"  height=\"1024\">                    <\/div>\n                  \n                  <div class=\"testimonial-card__item__content image_on\">\n                    <h3 class=\"testimonial-card__item__content__level1\">\n                      Por el medio ambiente                    <\/h3>\n\n                    <p class=\"testimonial-card__item__content__level2\">\n                      El objetivo es promover h\u00e1bitos de consumo sostenibles para aumentar la demanda de productos que ahorren recursos. As\u00ed se apoya una producci\u00f3n acorde con los l\u00edmites planetarios y se reduce tambi\u00e9n el impacto ambiental del consumo de alimentos.                    <\/p>\n\n                                      <\/div>\n                <\/div>\n                      <\/div>\n        <\/div>\n\n        <div class=\"swiper-pagination testimonial-card-pagination\" id=\"swiper-pagination-testimonial_69e8ed832de0b\"><\/div>\n      <\/div>\n    <\/div>\n  <\/section>\n\n\n\n\n      \n    <section id=\"hechos\"      class=\"section image   \"\n      data-open=\"single\" \n       >\n      <script type=\"application\/ld+json\">\n        {\n          \"@context\": \"https:\/\/schema.org\",\n          \"@type\": \"FAQPage\",\n          \"mainEntity\": [{\"@type\": \"Question\",\"name\": \"\u00bfQui\u00e9n financia el proyecto?\",\"acceptedAnswer\": {\"@type\": \"Answer\",\"text\": \"El proyecto fue financiado por el Ministerio Federal de Medio Ambiente, Conservaci\u00f3n de la Naturaleza, Seguridad Nuclear y Protecci\u00f3n del Consumidor (BMUV) como parte de la Iniciativa Internacional sobre el Clima (IKI).\"}},{\"@type\": \"Question\",\"name\": \"\u00bfQu\u00e9 pa\u00edses participan en este proyecto?\",\"acceptedAnswer\": {\"@type\": \"Answer\",\"text\": \"La herramienta de comunicaci\u00f3n (prototipo) se ha desarrollado inicialmente para las siguientes regiones de enfoque y socios del piloto: Tailandia, Paraguay, Sud\u00e1frica y Alemania.\"}},{\"@type\": \"Question\",\"name\": \"\u00bfQui\u00e9n m\u00e1s est\u00e1 involucrado en el proyecto?\",\"acceptedAnswer\": {\"@type\": \"Answer\",\"text\": \"WWF Alemania desempe\u00f1a el papel de gestor del proyecto. Adem\u00e1s, corsus &#8211; corporate sustainability GmbH y TMG &#8211; Think Tank for Sustainability participaron en la implementaci\u00f3n del proyecto.\"}},{\"@type\": \"Question\",\"name\": \"\u00bfCu\u00e1l es el objetivo del proyecto?\",\"acceptedAnswer\": {\"@type\": \"Answer\",\"text\": \"El objetivo es desarrollar una herramienta de comunicaci\u00f3n (prototipo) que visualice el impacto ambiental de los alimentos. Esta herramienta proporcionar\u00e1 a los consumidores informaci\u00f3n transparente sobre el impacto ambiental de los alimentos: f\u00e1cil de entender, siempre disponible y cient\u00edficamente fundamentada.\nAdem\u00e1s, las empresas podr\u00e1n medir el impacto ambiental de sus productos, lo que les permitir\u00e1 optimizar sus cadenas de suministro y ofrecer un surtido m\u00e1s sostenible.\"}}]\n        }\n      <\/script>\n      <div class=\"accordion  container container--medium\">\n\n        <!-- Simple Accordion -->\n        \n          <div class=\"accordion-image\">\n            <div class=\"accordion-image__left\">\n              <!-- Placeholder for the image -->\n                            <img decoding=\"async\" src=\"https:\/\/food-impacts.com\/wp-content\/uploads\/2025\/02\/GettyImages-1211591133-scaled-1.jpg\"\n                alt=\"\"\n                class=\"accordion-image__left-img\" \/>\n            <\/div>\n\n            <div class=\"accordion-image__right\">\n                              <h2 class=\"heading\">\n                  Hechos                <\/h2>\n              \n              \n              <div class=\"accordion__content\">\n                \n                  <div class=\"accordion-item launimation slideBottom\"\n                    data-image-id=\"18852\">\n                    <button class=\"accordion-item__title h4\"\n                      aria-expanded=\"true\"\n                      aria-controls=\"accordion_69e8ed832f278_0\"\n                      aria-label=\"Mostrar contenido\">\n                      \u00bfQui\u00e9n financia el proyecto?                      <!-- <span class=\"icon-wrapper\"><\/span> -->\n                    <\/button>\n\n                    <div class=\"accordion-item__content-container\" id=\"accordion_69e8ed832f278_0\">\n                      <div class=\"accordion-item__content paragraph\">\n                        <p>El proyecto fue financiado por el <strong>Ministerio Federal de Medio Ambiente, Conservaci\u00f3n de la Naturaleza, Seguridad Nuclear y Protecci\u00f3n del Consumidor (BMUV)<\/strong> como parte de la <strong>Iniciativa Internacional sobre el Clima (IKI)<\/strong>.<\/p>\n                      <\/div>\n                    <\/div>\n                  <\/div>\n\n                \n                  <div class=\"accordion-item launimation slideBottom\"\n                    data-image-id=\"18856\">\n                    <button class=\"accordion-item__title h4\"\n                      aria-expanded=\"false\"\n                      aria-controls=\"accordion_69e8ed832f278_1\"\n                      aria-label=\"Mostrar contenido\">\n                      \u00bfQu\u00e9 pa\u00edses participan en este proyecto?                      <!-- <span class=\"icon-wrapper\"><\/span> -->\n                    <\/button>\n\n                    <div class=\"accordion-item__content-container\" id=\"accordion_69e8ed832f278_1\">\n                      <div class=\"accordion-item__content paragraph\">\n                        <p>La herramienta de comunicaci\u00f3n (prototipo) se ha desarrollado inicialmente para las siguientes regiones de enfoque y socios del piloto: <strong>Tailandia, Paraguay, Sud\u00e1frica y Alemania<\/strong>.<\/p>\n                      <\/div>\n                    <\/div>\n                  <\/div>\n\n                \n                  <div class=\"accordion-item launimation slideBottom\"\n                    data-image-id=\"18860\">\n                    <button class=\"accordion-item__title h4\"\n                      aria-expanded=\"false\"\n                      aria-controls=\"accordion_69e8ed832f278_2\"\n                      aria-label=\"Mostrar contenido\">\n                      \u00bfQui\u00e9n m\u00e1s est\u00e1 involucrado en el proyecto?                      <!-- <span class=\"icon-wrapper\"><\/span> -->\n                    <\/button>\n\n                    <div class=\"accordion-item__content-container\" id=\"accordion_69e8ed832f278_2\">\n                      <div class=\"accordion-item__content paragraph\">\n                        <p><strong>WWF Alemania<\/strong> desempe\u00f1a el papel de gestor del proyecto. Adem\u00e1s, <strong>corsus &#8211; corporate sustainability GmbH<\/strong> y <strong>TMG &#8211; Think Tank for Sustainability<\/strong> participaron en la implementaci\u00f3n del proyecto.<\/p>\n                      <\/div>\n                    <\/div>\n                  <\/div>\n\n                \n                  <div class=\"accordion-item launimation slideBottom\"\n                    data-image-id=\"18840\">\n                    <button class=\"accordion-item__title h4\"\n                      aria-expanded=\"false\"\n                      aria-controls=\"accordion_69e8ed832f278_3\"\n                      aria-label=\"Mostrar contenido\">\n                      \u00bfCu\u00e1l es el objetivo del proyecto?                      <!-- <span class=\"icon-wrapper\"><\/span> -->\n                    <\/button>\n\n                    <div class=\"accordion-item__content-container\" id=\"accordion_69e8ed832f278_3\">\n                      <div class=\"accordion-item__content paragraph\">\n                        <p>El objetivo es desarrollar una herramienta de comunicaci\u00f3n (prototipo) que visualice el impacto ambiental de los alimentos. Esta herramienta proporcionar\u00e1 a los consumidores informaci\u00f3n transparente sobre el impacto ambiental de los alimentos: <strong>f\u00e1cil de entender, siempre disponible y cient\u00edficamente fundamentada<\/strong>.<\/p>\n<p>Adem\u00e1s, las empresas podr\u00e1n medir el impacto ambiental de sus productos, lo que les permitir\u00e1 optimizar sus cadenas de suministro y ofrecer un surtido m\u00e1s sostenible.<\/p>\n                      <\/div>\n                    <\/div>\n                  <\/div>\n\n                              <\/div>\n            <\/div>\n          <\/div>\n\n          \n         <!-- Close Image Accordion -->\n\n      <\/div><!-- Close master container -->\n    <\/section>\n\n  \n\n\n\n\n\n  <section id=\"quiere-ver-todos-los-datos-de-un-vistazo\" class=\"section cta    bg bg--green\">\n    <div class=\"container\">\n\n                <div class=\"cta__wrapper launimation slideBottom none split\">\n          \n          \n          <div class=\"cta__content\">\n                          <h2 class=\"cta__heading\">\u00bfQuiere ver todos los datos de un vistazo?<\/h2>\n            \n                          <p class=\"cta__desc\">Toda la informaci\u00f3n relevante de este proyecto se ha resumido claramente y puede consultarse aqu\u00ed.<\/p>\n            \n            <div class=\"cta__ctas button-group\">\n                              <a href=\"\/wp-content\/uploads\/2025\/03\/IKI_CLIF_Climate-Impacts-of-Food_Factsheet_EN.pdf\" class=\"cta__button button\" title=\"Descripci\u00f3n del proyecto\" target=\"_blank\">Descripci\u00f3n del proyecto<\/a>              \n                              <a href=\"\/wp-content\/uploads\/2025\/03\/WWF_Impacts_of_food_presentation_en.pdf\" class=\"cta__button button button--outline\" title=\"Presentaci\u00f3n\" target=\"_blank\">Presentaci\u00f3n<\/a>                          <\/div>\n          <\/div>\n\n          <\/div><!-- wrapper -->\n  <\/section>\n\n\n\n\n  <section id=\"nuestros-socios\"    class=\"section images-slider  \n        \">\n\n    <div class=\"container\">\n              <h2 class=\"heading\">Nuestros socios<\/h2>\n      \n      \n      <div class=\"grid__wrapper\">\n        <div class=\"grid__slider\">\n          <div class=\"swiper-wrapper grid__slider-wrapper\">\n\n            \n                          <!-- Images -->\n                              <div class=\"swiper-slide image-slider__box\"\n                  data-image-url=\"https:\/\/food-impacts.com\/wp-content\/uploads\/2025\/02\/marisol-benitez-QvkAQTNj4zk-unsplash-690x1035-1.webp\"\n                   style=\"--image-url: url('https:\/\/food-impacts.com\/wp-content\/uploads\/2025\/02\/marisol-benitez-QvkAQTNj4zk-unsplash-690x1035-1.webp');\">\n\n                                      <h3 class=\"image-slider__box__title\">WWF \u2013 World Wide Fund for Nature<\/h3>\n                  \n                                      <div class=\"image-slider__box__link\">\n                      <a href=\"https:\/\/www.wwf.de\/?gad_source=1&#038;gclid=Cj0KCQjwy46_BhDOARIsAIvmcwOUGVJxOl4hRtq4-qfj4cmgSYgGERT1Qxn6I0kXotCN4HZPKUw88foaAruyEALw_wcB\" class=\"cta__button button\" title=\"Ver m\u00e1s\" target=\"_self\">Ver m\u00e1s<\/a>                    <\/div>\n                  \n                <\/div>\n                              <div class=\"swiper-slide image-slider__box\"\n                  data-image-url=\"https:\/\/food-impacts.com\/wp-content\/uploads\/2025\/02\/kamala-bright-0xnBE0cYLOI-unsplash-690x1035-1.webp\"\n                   style=\"--image-url: url('https:\/\/food-impacts.com\/wp-content\/uploads\/2025\/02\/kamala-bright-0xnBE0cYLOI-unsplash-690x1035-1.webp');\">\n\n                                      <h3 class=\"image-slider__box__title\">corsus \u2013 corporate sustainability<\/h3>\n                  \n                                      <div class=\"image-slider__box__link\">\n                      <a href=\"https:\/\/www.corsus.de\/en\/homepage\/\" class=\"cta__button button\" title=\"Ver m\u00e1s\" target=\"_self\">Ver m\u00e1s<\/a>                    <\/div>\n                  \n                <\/div>\n                              <div class=\"swiper-slide image-slider__box\"\n                  data-image-url=\"https:\/\/food-impacts.com\/wp-content\/uploads\/2025\/02\/nathan-dumlao-rWcza92CapI-unsplash-scaled-434x650-1.webp\"\n                   style=\"--image-url: url('https:\/\/food-impacts.com\/wp-content\/uploads\/2025\/02\/nathan-dumlao-rWcza92CapI-unsplash-scaled-434x650-1.webp');\">\n\n                                      <h3 class=\"image-slider__box__title\">TMG \u2013 Think Tank for Sustainability<\/h3>\n                  \n                                      <div class=\"image-slider__box__link\">\n                      <a href=\"https:\/\/www.tmg-thinktank.com\/\" class=\"cta__button button\" title=\"Ver m\u00e1s\" target=\"_self\">Ver m\u00e1s<\/a>                    <\/div>\n                  \n                <\/div>\n                          \n\n          <\/div> <!-- swiper-wrapper -->\n          <div class=\"swiper-pagination grid-pagination\"><\/div>\n        <\/div>\n      <\/div>\n    <\/div> <!-- container -->\n  <\/section>\n\n\n\n<div class=\"block-wrapper block-wrapper--paragraph\"><div class=\"container container--narrow\">\n<p><\/p>\n<\/div><\/div>","protected":false},"excerpt":{"rendered":"","protected":false},"author":1,"featured_media":0,"parent":0,"menu_order":0,"comment_status":"closed","ping_status":"closed","template":"","meta":{"_acf_changed":false,"footnotes":""},"class_list":["post-19946","page","type-page","status-publish","hentry"],"acf":[],"yoast_head":"<!-- This site is optimized with the Yoast SEO plugin v27.4 - https:\/\/yoast.com\/product\/yoast-seo-wordpress\/ -->\n<title>Descripci\u00f3n del proyecto - Food Impacts<\/title>\n<meta name=\"robots\" content=\"index, follow, max-snippet:-1, max-image-preview:large, max-video-preview:-1\" \/>\n<link rel=\"canonical\" href=\"https:\/\/food-impacts.com\/py\/facts\/\" \/>\n<meta property=\"og:locale\" content=\"en_US\" \/>\n<meta property=\"og:type\" content=\"article\" \/>\n<meta property=\"og:title\" content=\"Descripci\u00f3n del proyecto - Food Impacts\" \/>\n<meta property=\"og:url\" content=\"https:\/\/food-impacts.com\/py\/facts\/\" \/>\n<meta property=\"og:site_name\" content=\"Food Impacts\" \/>\n<meta property=\"article:modified_time\" content=\"2025-04-30T11:27:09+00:00\" \/>\n<meta name=\"twitter:card\" content=\"summary_large_image\" \/>\n<script type=\"application\/ld+json\" class=\"yoast-schema-graph\">{\"@context\":\"https:\\\/\\\/schema.org\",\"@graph\":[{\"@type\":\"WebPage\",\"@id\":\"https:\\\/\\\/food-impacts.com\\\/py\\\/facts\\\/\",\"url\":\"https:\\\/\\\/food-impacts.com\\\/py\\\/facts\\\/\",\"name\":\"Descripci\u00f3n del proyecto - Food Impacts\",\"isPartOf\":{\"@id\":\"https:\\\/\\\/food-impacts.com\\\/py\\\/#website\"},\"datePublished\":\"2025-02-11T11:06:14+00:00\",\"dateModified\":\"2025-04-30T11:27:09+00:00\",\"breadcrumb\":{\"@id\":\"https:\\\/\\\/food-impacts.com\\\/py\\\/facts\\\/#breadcrumb\"},\"inLanguage\":\"py\",\"potentialAction\":[{\"@type\":\"ReadAction\",\"target\":[\"https:\\\/\\\/food-impacts.com\\\/py\\\/facts\\\/\"]}]},{\"@type\":\"BreadcrumbList\",\"@id\":\"https:\\\/\\\/food-impacts.com\\\/py\\\/facts\\\/#breadcrumb\",\"itemListElement\":[{\"@type\":\"ListItem\",\"position\":1,\"name\":\"Home\",\"item\":\"https:\\\/\\\/food-impacts.com\\\/py\\\/\"},{\"@type\":\"ListItem\",\"position\":2,\"name\":\"Descripci\u00f3n del proyecto\"}]},{\"@type\":\"WebSite\",\"@id\":\"https:\\\/\\\/food-impacts.com\\\/py\\\/#website\",\"url\":\"https:\\\/\\\/food-impacts.com\\\/py\\\/\",\"name\":\"Food Impacts\",\"description\":\"\",\"potentialAction\":[{\"@type\":\"SearchAction\",\"target\":{\"@type\":\"EntryPoint\",\"urlTemplate\":\"https:\\\/\\\/food-impacts.com\\\/py\\\/?s={search_term_string}\"},\"query-input\":{\"@type\":\"PropertyValueSpecification\",\"valueRequired\":true,\"valueName\":\"search_term_string\"}}],\"inLanguage\":\"py\"}]}<\/script>\n<!-- \/ Yoast SEO plugin. -->","yoast_head_json":{"title":"Descripci\u00f3n del proyecto - Food Impacts","robots":{"index":"index","follow":"follow","max-snippet":"max-snippet:-1","max-image-preview":"max-image-preview:large","max-video-preview":"max-video-preview:-1"},"canonical":"https:\/\/food-impacts.com\/py\/facts\/","og_locale":"en_US","og_type":"article","og_title":"Descripci\u00f3n del proyecto - Food Impacts","og_url":"https:\/\/food-impacts.com\/py\/facts\/","og_site_name":"Food Impacts","article_modified_time":"2025-04-30T11:27:09+00:00","twitter_card":"summary_large_image","schema":{"@context":"https:\/\/schema.org","@graph":[{"@type":"WebPage","@id":"https:\/\/food-impacts.com\/py\/facts\/","url":"https:\/\/food-impacts.com\/py\/facts\/","name":"Descripci\u00f3n del proyecto - Food Impacts","isPartOf":{"@id":"https:\/\/food-impacts.com\/py\/#website"},"datePublished":"2025-02-11T11:06:14+00:00","dateModified":"2025-04-30T11:27:09+00:00","breadcrumb":{"@id":"https:\/\/food-impacts.com\/py\/facts\/#breadcrumb"},"inLanguage":"py","potentialAction":[{"@type":"ReadAction","target":["https:\/\/food-impacts.com\/py\/facts\/"]}]},{"@type":"BreadcrumbList","@id":"https:\/\/food-impacts.com\/py\/facts\/#breadcrumb","itemListElement":[{"@type":"ListItem","position":1,"name":"Home","item":"https:\/\/food-impacts.com\/py\/"},{"@type":"ListItem","position":2,"name":"Descripci\u00f3n del proyecto"}]},{"@type":"WebSite","@id":"https:\/\/food-impacts.com\/py\/#website","url":"https:\/\/food-impacts.com\/py\/","name":"Food Impacts","description":"","potentialAction":[{"@type":"SearchAction","target":{"@type":"EntryPoint","urlTemplate":"https:\/\/food-impacts.com\/py\/?s={search_term_string}"},"query-input":{"@type":"PropertyValueSpecification","valueRequired":true,"valueName":"search_term_string"}}],"inLanguage":"py"}]}},"_links":{"self":[{"href":"https:\/\/food-impacts.com\/py\/wp-json\/wp\/v2\/pages\/19946","targetHints":{"allow":["GET"]}}],"collection":[{"href":"https:\/\/food-impacts.com\/py\/wp-json\/wp\/v2\/pages"}],"about":[{"href":"https:\/\/food-impacts.com\/py\/wp-json\/wp\/v2\/types\/page"}],"author":[{"embeddable":true,"href":"https:\/\/food-impacts.com\/py\/wp-json\/wp\/v2\/users\/1"}],"replies":[{"embeddable":true,"href":"https:\/\/food-impacts.com\/py\/wp-json\/wp\/v2\/comments?post=19946"}],"version-history":[{"count":8,"href":"https:\/\/food-impacts.com\/py\/wp-json\/wp\/v2\/pages\/19946\/revisions"}],"predecessor-version":[{"id":20557,"href":"https:\/\/food-impacts.com\/py\/wp-json\/wp\/v2\/pages\/19946\/revisions\/20557"}],"wp:attachment":[{"href":"https:\/\/food-impacts.com\/py\/wp-json\/wp\/v2\/media?parent=19946"}],"curies":[{"name":"wp","href":"https:\/\/api.w.org\/{rel}","templated":true}]}}