{"id":19583,"date":"2025-02-11T12:06:14","date_gmt":"2025-02-11T11:06:14","guid":{"rendered":"https:\/\/food-impacts.com\/facts\/"},"modified":"2025-04-01T13:52:51","modified_gmt":"2025-04-01T11:52:51","slug":"facts","status":"publish","type":"page","link":"https:\/\/food-impacts.com\/de\/facts\/","title":{"rendered":"Projektbeschreibung"},"content":{"rendered":"\n  <section  class=\"section testimonial-card  \" data-testimonial-id=\"testimonial_69d4828dd3e17\">\n    <div class=\"container\">\n      \n      \n      <div class=\"testimonial-card__wrapper\">\n\n        <div class=\"testimonial-card__slider\" id=\"slider-testimonial_69d4828dd3e17\">\n\n          \n          <div class=\"swiper-wrapper testimonial-card__slider-wrapper\">\n            <!-- CPT -->\n            \n            <!-- Data Entry -->\n                            <div class=\"swiper-slide testimonial-card__item\">\n                                      <div class=\"testimonial-card__item__image\">\n                      <img loading=\"lazy\" decoding=\"async\" sizes=\"auto, \" src=\"https:\/\/food-impacts.com\/wp-content\/uploads\/2025\/02\/hand-scaled-1-683x1024.webp\" srcset=\"https:\/\/food-impacts.com\/wp-content\/uploads\/2025\/02\/hand-scaled-1-e1739276555719.webp 1920w, https:\/\/food-impacts.com\/wp-content\/uploads\/2025\/02\/hand-scaled-1-1600x2400.webp 1600w, https:\/\/food-impacts.com\/wp-content\/uploads\/2025\/02\/hand-scaled-1-1366x2049.webp 1366w, https:\/\/food-impacts.com\/wp-content\/uploads\/2025\/02\/hand-scaled-1-1024x1536.webp 1024w, https:\/\/food-impacts.com\/wp-content\/uploads\/2025\/02\/hand-scaled-1-768x1152.webp 768w, https:\/\/food-impacts.com\/wp-content\/uploads\/2025\/02\/hand-scaled-1-550x825.webp 550w\" class=\"\" alt=\"\"  width=\"683\"  height=\"1024\">                    <\/div>\n                  \n                  <div class=\"testimonial-card__item__content image_on\">\n                    <h3 class=\"testimonial-card__item__content__level1\">\n                      F\u00fcr die Umwelt                    <\/h3>\n\n                    <p class=\"testimonial-card__item__content__level2\">\n                      Das Ziel des Projektes ist es nachhaltigen Konsum zu f\u00f6rdern und die Nachfrage nach ressourcenschonenden Produkten zu erh\u00f6hen. So soll eine Produktion von Lebensmitteln innerhalb der Planetaren Grenzen erm\u00f6glicht und die Umweltauswirkungen unseres Konsums von Lebensmitteln reduziert werden.                     <\/p>\n\n                                      <\/div>\n                <\/div>\n                      <\/div>\n        <\/div>\n\n        <div class=\"swiper-pagination testimonial-card-pagination\" id=\"swiper-pagination-testimonial_69d4828dd3e17\"><\/div>\n      <\/div>\n    <\/div>\n  <\/section>\n\n\n\n\n      \n    <section id=\"fakten\"      class=\"section image   \"\n      data-open=\"single\" \n       >\n      <script type=\"application\/ld+json\">\n        {\n          \"@context\": \"https:\/\/schema.org\",\n          \"@type\": \"FAQPage\",\n          \"mainEntity\": [{\"@type\": \"Question\",\"name\": \"Wie wird das Projekt finanziert?\",\"acceptedAnswer\": {\"@type\": \"Answer\",\"text\": \"Das Projekt wurde vom Bundesministerium f\u00fcr Umwelt, Naturschutz, nukleare Sicherheit und Verbraucherschutz (BMUV) im Rahmen der Internationalen Klimaschutzinitiative (IKI) finanziert.\"}},{\"@type\": \"Question\",\"name\": \"Welche L\u00e4nder nehmen an dem Projekt teil?\",\"acceptedAnswer\": {\"@type\": \"Answer\",\"text\": \"Das Prototyp-Kommunikationstool wurde f\u00fcr folgende Zielregionen, beziehungsweise Pilotierungspartner entwickelt: Thailand, Paraguay, S\u00fcdafrika und Deutschland.\"}},{\"@type\": \"Question\",\"name\": \"Wer ist im Projekt involviert?\",\"acceptedAnswer\": {\"@type\": \"Answer\",\"text\": \"Neben dem WWF Deutschland (Projektleitung) waren die WWF L\u00e4nderb\u00fcros in den jeweiligen Zielregionen beteiligt. Desweiteren waren corsus &#8211; corporate sustainability GmbH (Entwicklung der Methodik) und TMG &#8211; Think Tank for Sustainability (Entwicklung politischer Handlungsempfehlungen) bei der Durchf\u00fchrung des Projektes involviert.\"}},{\"@type\": \"Question\",\"name\": \"Welche Ziele verfolgt das Projekt?\",\"acceptedAnswer\": {\"@type\": \"Answer\",\"text\": \"Prim\u00e4res Ziel ist die Entwicklung eines Prototyp-Kommunikationstools, um Umweltauswirkungen von Lebensmitteln darzustellen. Mit diesem Tool werden Konsument:innen transparent \u00fcber die Umweltauswirkungen von Lebensmitteln informiert &#8211; leicht verst\u00e4ndlich, jederzeit verf\u00fcgbar und wissenschaftlich fundiert.\nAu\u00dferdem k\u00f6nnen Unternehmen die Umweltauswirkungen ihrer Produkte messen und so den besten Weg w\u00e4hlen, um ihre Lieferketten zu optimieren und ein nachhaltigeres Sortiment anzubieten. Zudem wurden im Rahmen des Projektes politische Handlungsempfehlungen zur Gestaltung von nachhaltigeren Ern\u00e4hrungssystemen entwickelt.\"}}]\n        }\n      <\/script>\n      <div class=\"accordion  container container--medium\">\n\n        <!-- Simple Accordion -->\n        \n          <div class=\"accordion-image\">\n            <div class=\"accordion-image__left\">\n              <!-- Placeholder for the image -->\n                            <img decoding=\"async\" src=\"https:\/\/food-impacts.com\/wp-content\/uploads\/2025\/02\/GettyImages-1211591133-scaled-1.jpg\"\n                alt=\"\"\n                class=\"accordion-image__left-img\" \/>\n            <\/div>\n\n            <div class=\"accordion-image__right\">\n                              <h2 class=\"heading\">\n                  Fakten                <\/h2>\n              \n              \n              <div class=\"accordion__content\">\n                \n                  <div class=\"accordion-item launimation slideBottom\"\n                    data-image-id=\"18851\">\n                    <button class=\"accordion-item__title h4\"\n                      aria-expanded=\"true\"\n                      aria-controls=\"accordion_69d4828dd5554_0\"\n                      aria-label=\"Alles einblenden\">\n                      Wie wird das Projekt finanziert?                      <!-- <span class=\"icon-wrapper\"><\/span> -->\n                    <\/button>\n\n                    <div class=\"accordion-item__content-container\" id=\"accordion_69d4828dd5554_0\">\n                      <div class=\"accordion-item__content paragraph\">\n                        <p>Das Projekt wurde vom Bundesministerium f\u00fcr Umwelt, Naturschutz, nukleare Sicherheit und Verbraucherschutz (BMUV) im Rahmen der Internationalen Klimaschutzinitiative (IKI) finanziert.<\/p>\n                      <\/div>\n                    <\/div>\n                  <\/div>\n\n                \n                  <div class=\"accordion-item launimation slideBottom\"\n                    data-image-id=\"18855\">\n                    <button class=\"accordion-item__title h4\"\n                      aria-expanded=\"false\"\n                      aria-controls=\"accordion_69d4828dd5554_1\"\n                      aria-label=\"Alles einblenden\">\n                      Welche L\u00e4nder nehmen an dem Projekt teil?                      <!-- <span class=\"icon-wrapper\"><\/span> -->\n                    <\/button>\n\n                    <div class=\"accordion-item__content-container\" id=\"accordion_69d4828dd5554_1\">\n                      <div class=\"accordion-item__content paragraph\">\n                        <p>Das Prototyp-Kommunikationstool wurde f\u00fcr folgende Zielregionen, beziehungsweise Pilotierungspartner entwickelt: Thailand, Paraguay, S\u00fcdafrika und Deutschland.<\/p>\n                      <\/div>\n                    <\/div>\n                  <\/div>\n\n                \n                  <div class=\"accordion-item launimation slideBottom\"\n                    data-image-id=\"18859\">\n                    <button class=\"accordion-item__title h4\"\n                      aria-expanded=\"false\"\n                      aria-controls=\"accordion_69d4828dd5554_2\"\n                      aria-label=\"Alles einblenden\">\n                      Wer ist im Projekt involviert?                      <!-- <span class=\"icon-wrapper\"><\/span> -->\n                    <\/button>\n\n                    <div class=\"accordion-item__content-container\" id=\"accordion_69d4828dd5554_2\">\n                      <div class=\"accordion-item__content paragraph\">\n                        <p>Neben dem WWF Deutschland (Projektleitung) waren die WWF L\u00e4nderb\u00fcros in den jeweiligen Zielregionen beteiligt. Desweiteren waren corsus &#8211; corporate sustainability GmbH (Entwicklung der Methodik) und TMG &#8211; Think Tank for Sustainability (Entwicklung politischer Handlungsempfehlungen) bei der Durchf\u00fchrung des Projektes involviert.<\/p>\n                      <\/div>\n                    <\/div>\n                  <\/div>\n\n                \n                  <div class=\"accordion-item launimation slideBottom\"\n                    data-image-id=\"18839\">\n                    <button class=\"accordion-item__title h4\"\n                      aria-expanded=\"false\"\n                      aria-controls=\"accordion_69d4828dd5554_3\"\n                      aria-label=\"Alles einblenden\">\n                      Welche Ziele verfolgt das Projekt?                      <!-- <span class=\"icon-wrapper\"><\/span> -->\n                    <\/button>\n\n                    <div class=\"accordion-item__content-container\" id=\"accordion_69d4828dd5554_3\">\n                      <div class=\"accordion-item__content paragraph\">\n                        <p>Prim\u00e4res Ziel ist die Entwicklung eines Prototyp-Kommunikationstools, um Umweltauswirkungen von Lebensmitteln darzustellen. Mit diesem Tool werden Konsument:innen transparent \u00fcber die Umweltauswirkungen von Lebensmitteln informiert &#8211; leicht verst\u00e4ndlich, jederzeit verf\u00fcgbar und wissenschaftlich fundiert.<br \/>\nAu\u00dferdem k\u00f6nnen Unternehmen die Umweltauswirkungen ihrer Produkte messen und so den besten Weg w\u00e4hlen, um ihre Lieferketten zu optimieren und ein nachhaltigeres Sortiment anzubieten. Zudem wurden im Rahmen des Projektes politische Handlungsempfehlungen zur Gestaltung von nachhaltigeren Ern\u00e4hrungssystemen entwickelt.<\/p>\n                      <\/div>\n                    <\/div>\n                  <\/div>\n\n                              <\/div>\n            <\/div>\n          <\/div>\n\n          \n         <!-- Close Image Accordion -->\n\n      <\/div><!-- Close master container -->\n    <\/section>\n\n  \n\n\n\n\n\n  <section id=\"du-suchst-nach-mehr-fakten-an-einem-ort\" class=\"section cta    bg bg--green\">\n    <div class=\"container\">\n\n                <div class=\"cta__wrapper launimation slideBottom none split\">\n          \n          \n          <div class=\"cta__content\">\n                          <h2 class=\"cta__heading\">Du suchst nach mehr Fakten an einem Ort?<\/h2>\n            \n                          <p class=\"cta__desc\">Alle relevanten Informationen des Projektes k\u00f6nnen hier abgerufen werden.<\/p>\n            \n            <div class=\"cta__ctas button-group\">\n                              <a href=\"\/wp-content\/uploads\/2025\/03\/IKI_CLIF_Climate-Impacts-of-Food_Factsheet_EN.pdf\" class=\"cta__button button\" title=\"Projektbeschreibung\" target=\"_blank\">Projektbeschreibung<\/a>              \n                              <a href=\"\/wp-content\/uploads\/2025\/03\/WWF_Impacts_of_food_presentation_en.pdf\" class=\"cta__button button button--outline\" title=\"Pr\u00e4sentation\" target=\"_blank\">Pr\u00e4sentation<\/a>                          <\/div>\n          <\/div>\n\n          <\/div><!-- wrapper -->\n  <\/section>\n\n\n\n\n  <section id=\"unsere-partner\"    class=\"section images-slider  \n        \">\n\n    <div class=\"container\">\n              <h2 class=\"heading\">Unsere Partner<\/h2>\n      \n      \n      <div class=\"grid__wrapper\">\n        <div class=\"grid__slider\">\n          <div class=\"swiper-wrapper grid__slider-wrapper\">\n\n            \n                          <!-- Images -->\n                              <div class=\"swiper-slide image-slider__box\"\n                  data-image-url=\"https:\/\/food-impacts.com\/wp-content\/uploads\/2025\/02\/marisol-benitez-QvkAQTNj4zk-unsplash-690x1035-1.webp\"\n                   style=\"--image-url: url('https:\/\/food-impacts.com\/wp-content\/uploads\/2025\/02\/marisol-benitez-QvkAQTNj4zk-unsplash-690x1035-1.webp');\">\n\n                                      <h3 class=\"image-slider__box__title\">WWF \u2013 World Wide Fund for Nature<\/h3>\n                  \n                                      <div class=\"image-slider__box__link\">\n                      <a href=\"https:\/\/www.wwf.de\/?gad_source=1&#038;gclid=Cj0KCQjwy46_BhDOARIsAIvmcwOUGVJxOl4hRtq4-qfj4cmgSYgGERT1Qxn6I0kXotCN4HZPKUw88foaAruyEALw_wcB\" class=\"cta__button button\" title=\"Learn more\" target=\"_self\">Learn more<\/a>                    <\/div>\n                  \n                <\/div>\n                              <div class=\"swiper-slide image-slider__box\"\n                  data-image-url=\"https:\/\/food-impacts.com\/wp-content\/uploads\/2025\/02\/kamala-bright-0xnBE0cYLOI-unsplash-690x1035-1.webp\"\n                   style=\"--image-url: url('https:\/\/food-impacts.com\/wp-content\/uploads\/2025\/02\/kamala-bright-0xnBE0cYLOI-unsplash-690x1035-1.webp');\">\n\n                                      <h3 class=\"image-slider__box__title\">corsus \u2013 corporate sustainability<\/h3>\n                  \n                                      <div class=\"image-slider__box__link\">\n                      <a href=\"https:\/\/www.corsus.de\/en\/homepage\/\" class=\"cta__button button\" title=\"Learn more\" target=\"_self\">Learn more<\/a>                    <\/div>\n                  \n                <\/div>\n                              <div class=\"swiper-slide image-slider__box\"\n                  data-image-url=\"https:\/\/food-impacts.com\/wp-content\/uploads\/2025\/02\/nathan-dumlao-rWcza92CapI-unsplash-scaled-434x650-1.webp\"\n                   style=\"--image-url: url('https:\/\/food-impacts.com\/wp-content\/uploads\/2025\/02\/nathan-dumlao-rWcza92CapI-unsplash-scaled-434x650-1.webp');\">\n\n                                      <h3 class=\"image-slider__box__title\">TMG \u2013 Think Tank for Sustainability<\/h3>\n                  \n                                      <div class=\"image-slider__box__link\">\n                      <a href=\"https:\/\/www.tmg-thinktank.com\/\" class=\"cta__button button\" title=\"Learn more\" target=\"_self\">Learn more<\/a>                    <\/div>\n                  \n                <\/div>\n                          \n\n          <\/div> <!-- swiper-wrapper -->\n          <div class=\"swiper-pagination grid-pagination\"><\/div>\n        <\/div>\n      <\/div>\n    <\/div> <!-- container -->\n  <\/section>\n\n","protected":false},"excerpt":{"rendered":"","protected":false},"author":1,"featured_media":0,"parent":0,"menu_order":0,"comment_status":"closed","ping_status":"closed","template":"","meta":{"_acf_changed":false,"footnotes":""},"class_list":["post-19583","page","type-page","status-publish","hentry"],"acf":[],"yoast_head":"<!-- This site is optimized with the Yoast SEO plugin v27.3 - https:\/\/yoast.com\/product\/yoast-seo-wordpress\/ -->\n<title>Projektbeschreibung - Food Impacts<\/title>\n<meta name=\"robots\" content=\"index, follow, max-snippet:-1, max-image-preview:large, max-video-preview:-1\" \/>\n<link rel=\"canonical\" href=\"https:\/\/food-impacts.com\/de\/facts\/\" \/>\n<meta property=\"og:locale\" content=\"de_DE\" \/>\n<meta property=\"og:type\" content=\"article\" \/>\n<meta property=\"og:title\" content=\"Projektbeschreibung - Food Impacts\" \/>\n<meta property=\"og:url\" content=\"https:\/\/food-impacts.com\/de\/facts\/\" \/>\n<meta property=\"og:site_name\" content=\"Food Impacts\" \/>\n<meta property=\"article:modified_time\" content=\"2025-04-01T11:52:51+00:00\" \/>\n<meta name=\"twitter:card\" content=\"summary_large_image\" \/>\n<script type=\"application\/ld+json\" class=\"yoast-schema-graph\">{\"@context\":\"https:\\\/\\\/schema.org\",\"@graph\":[{\"@type\":\"WebPage\",\"@id\":\"https:\\\/\\\/food-impacts.com\\\/de\\\/facts\\\/\",\"url\":\"https:\\\/\\\/food-impacts.com\\\/de\\\/facts\\\/\",\"name\":\"Projektbeschreibung - Food Impacts\",\"isPartOf\":{\"@id\":\"https:\\\/\\\/food-impacts.com\\\/de\\\/#website\"},\"datePublished\":\"2025-02-11T11:06:14+00:00\",\"dateModified\":\"2025-04-01T11:52:51+00:00\",\"breadcrumb\":{\"@id\":\"https:\\\/\\\/food-impacts.com\\\/de\\\/facts\\\/#breadcrumb\"},\"inLanguage\":\"de\",\"potentialAction\":[{\"@type\":\"ReadAction\",\"target\":[\"https:\\\/\\\/food-impacts.com\\\/de\\\/facts\\\/\"]}]},{\"@type\":\"BreadcrumbList\",\"@id\":\"https:\\\/\\\/food-impacts.com\\\/de\\\/facts\\\/#breadcrumb\",\"itemListElement\":[{\"@type\":\"ListItem\",\"position\":1,\"name\":\"Home\",\"item\":\"https:\\\/\\\/food-impacts.com\\\/de\\\/\"},{\"@type\":\"ListItem\",\"position\":2,\"name\":\"Projektbeschreibung\"}]},{\"@type\":\"WebSite\",\"@id\":\"https:\\\/\\\/food-impacts.com\\\/de\\\/#website\",\"url\":\"https:\\\/\\\/food-impacts.com\\\/de\\\/\",\"name\":\"Food Impacts\",\"description\":\"\",\"potentialAction\":[{\"@type\":\"SearchAction\",\"target\":{\"@type\":\"EntryPoint\",\"urlTemplate\":\"https:\\\/\\\/food-impacts.com\\\/de\\\/?s={search_term_string}\"},\"query-input\":{\"@type\":\"PropertyValueSpecification\",\"valueRequired\":true,\"valueName\":\"search_term_string\"}}],\"inLanguage\":\"de\"}]}<\/script>\n<!-- \/ Yoast SEO plugin. -->","yoast_head_json":{"title":"Projektbeschreibung - Food Impacts","robots":{"index":"index","follow":"follow","max-snippet":"max-snippet:-1","max-image-preview":"max-image-preview:large","max-video-preview":"max-video-preview:-1"},"canonical":"https:\/\/food-impacts.com\/de\/facts\/","og_locale":"de_DE","og_type":"article","og_title":"Projektbeschreibung - Food Impacts","og_url":"https:\/\/food-impacts.com\/de\/facts\/","og_site_name":"Food Impacts","article_modified_time":"2025-04-01T11:52:51+00:00","twitter_card":"summary_large_image","schema":{"@context":"https:\/\/schema.org","@graph":[{"@type":"WebPage","@id":"https:\/\/food-impacts.com\/de\/facts\/","url":"https:\/\/food-impacts.com\/de\/facts\/","name":"Projektbeschreibung - Food Impacts","isPartOf":{"@id":"https:\/\/food-impacts.com\/de\/#website"},"datePublished":"2025-02-11T11:06:14+00:00","dateModified":"2025-04-01T11:52:51+00:00","breadcrumb":{"@id":"https:\/\/food-impacts.com\/de\/facts\/#breadcrumb"},"inLanguage":"de","potentialAction":[{"@type":"ReadAction","target":["https:\/\/food-impacts.com\/de\/facts\/"]}]},{"@type":"BreadcrumbList","@id":"https:\/\/food-impacts.com\/de\/facts\/#breadcrumb","itemListElement":[{"@type":"ListItem","position":1,"name":"Home","item":"https:\/\/food-impacts.com\/de\/"},{"@type":"ListItem","position":2,"name":"Projektbeschreibung"}]},{"@type":"WebSite","@id":"https:\/\/food-impacts.com\/de\/#website","url":"https:\/\/food-impacts.com\/de\/","name":"Food Impacts","description":"","potentialAction":[{"@type":"SearchAction","target":{"@type":"EntryPoint","urlTemplate":"https:\/\/food-impacts.com\/de\/?s={search_term_string}"},"query-input":{"@type":"PropertyValueSpecification","valueRequired":true,"valueName":"search_term_string"}}],"inLanguage":"de"}]}},"_links":{"self":[{"href":"https:\/\/food-impacts.com\/de\/wp-json\/wp\/v2\/pages\/19583","targetHints":{"allow":["GET"]}}],"collection":[{"href":"https:\/\/food-impacts.com\/de\/wp-json\/wp\/v2\/pages"}],"about":[{"href":"https:\/\/food-impacts.com\/de\/wp-json\/wp\/v2\/types\/page"}],"author":[{"embeddable":true,"href":"https:\/\/food-impacts.com\/de\/wp-json\/wp\/v2\/users\/1"}],"replies":[{"embeddable":true,"href":"https:\/\/food-impacts.com\/de\/wp-json\/wp\/v2\/comments?post=19583"}],"version-history":[{"count":8,"href":"https:\/\/food-impacts.com\/de\/wp-json\/wp\/v2\/pages\/19583\/revisions"}],"predecessor-version":[{"id":20023,"href":"https:\/\/food-impacts.com\/de\/wp-json\/wp\/v2\/pages\/19583\/revisions\/20023"}],"wp:attachment":[{"href":"https:\/\/food-impacts.com\/de\/wp-json\/wp\/v2\/media?parent=19583"}],"curies":[{"name":"wp","href":"https:\/\/api.w.org\/{rel}","templated":true}]}}